{"id":110,"date":"2016-10-25T14:56:03","date_gmt":"2016-10-25T14:56:03","guid":{"rendered":"https:\/\/www.grasextract.com\/de\/?page_id=110"},"modified":"2017-04-19T19:41:37","modified_gmt":"2017-04-19T19:41:37","slug":"home","status":"publish","type":"page","link":"https:\/\/www.grasextract.com\/de\/","title":{"rendered":"Home"},"content":{"rendered":"<div class=\" swc_p_0\"><h3>Grasextrakt<\/h3><p>&nbsp;<\/p><p>Grasextrakt wird auf der Grundlage einer Beschreibung eines sehr alten Rezept hergestellt.<\/p><p>Wie alt sie ist, dass ist unbekannt. Es wurde gegen Blutkrankheiten eingesetzt.<\/p><p>&nbsp;<\/p><p>Es hat eine <strong>starke Reinigungswirkung<\/strong> auf den meisten Organen des K\u00f6rpers und den Blutkreislauf. Wof\u00fcr es alle verwendet werden kann ist bei mich noch eine Frage &#8230;&#8230;&#8230;<\/p><p>Viren und Bakteri\u00ebn werden durch Antibiotika oder Bakteriophagen bek\u00e4mpft. Pflanzenextrakte werden noch nicht dabei genannt. Pflanzen haben ihr eigene Drainage- und Verteidigung System. Grasextrakt ist die fl\u00fcssige Verteidigung.<\/p><p>&nbsp;<\/p><p>Der Extrakt ist besonders gut <strong>gegen Kopfschmerzen<\/strong> (bei Migr\u00e4ne ist das Ergebnis niedriger), <strong>schlechter Schlaf<\/strong>, <strong>M\u00fcdigkeit<\/strong> und <strong>Lethargie<\/strong>. Beim Kopfschmerzen durch Unfall, Lyme oder Verwendung von der Pille resultiert Grasextrakt kaum.<\/p><p>Haben die Kopfschmerzen keine offensichtliche Hintergrund, dann ist Durchschnittlich bei 60% der<\/p><p>Leute die Krankheit vollst\u00e4ndig verschwunden. Im vergangenen Jahr haben wir jeden Monat im Durchschnitt eine Person mit guten Ergebnissen geholfen.<\/p><p>&nbsp;<\/p><p>Typischerweise wird der Extrakt vor dem Zubettgehen eingenommen. Nehmen Sie eine Tasse Tee, machen Sie die H\u00e4lfte des Eis Kugel (Grasextrakt) in der Tasse und trinken Sie es. Machen Sie das vorzugsweise am Wochenende. Nach der Einnahme ist es ratsam, dann mindestens 6 Stunden nicht ins Stra\u00dfenverkehr teil zu nehmen. Es geschieht, dass man durch Schlaf \u00fcberwunden wurdet. Am Nacht m\u00fcssen Sie unbedingt zur\u00a0 Toilette zum urinieren, auch wenn Sie normalerweise nicht in der Nacht aus dem Bett d\u00fcrfen. (Schauen Sie die Urin mal an, und wie riecht es?&#8230;..)<\/p><p>Der Rest des Extraktes kann etwa 3 bis 6 Monate tiefgefroren und wieder verwendet werden, f\u00fcr das n\u00e4chsten Mal, wann die Symptome wieder auftreten. Die durchschnittliche Einnahme betr\u00e4gt einmal ein Halbe Eis Kugel pro eins bis sechs Monate, aber es gibt auch Menschen, die es nur einmal verwenden. Einmal pro Jahr ist es sowieso vern\u00fcnftig einzunehmen.<\/p><p>&nbsp;<\/p><p>Grasextrakt wurde geliefert wie Eiskugeln oder in kleine Tassen von etwa 15 cc. Diese k\u00f6nnen per Post geschickt werden.<\/p><p>&nbsp;<\/p><div class=\"swc_asset swc_asset_swifty_image swc_asset_on\" data-asset_type=\"swifty_image\" style=\"width: 30%; margin-top: 5px; margin-bottom: 5px; margin-left: 10px; margin-right: 0px; float: right; \"  id=\"c1478544814_464060552\" ><div class=\"swc_asset_cntnt\" style=\"padding: 0px 0px 0px 0px; \" ><img swifty_src=\"https:\/\/www.grasextract.com\/wp-content\/uploads\/2016\/05\/verzendwijze.jpg?swifty=1\" alt=\"verzendwijze\" class=\"\"><script>if( typeof swifty_add_exec === 'function' ) { swifty_add_exec( { 'fn': 'swifty_checkImages' } ); }<\/script><\/div><\/div><p>&nbsp;<\/p><\/div>","protected":false},"excerpt":{"rendered":"<p>Grasextrakt&nbsp;Grasextrakt wird auf der Grundlage einer Beschreibung eines sehr alten Rezept hergestellt.Wie alt sie ist, dass ist unbekannt. Es wurde gegen Blutkrankheiten eingesetzt.&nbsp;Es hat eine starke Reinigungswirkung auf den meisten Organen des K\u00f6rpers und den Blutkreislauf. Wof\u00fcr es alle verwendet werden kann ist bei mich noch eine Frage &#8230;&#8230;&#8230;Viren und Bakteri\u00ebn werden durch Antibiotika oder [&hellip;]<\/p>\n","protected":false},"author":2,"featured_media":0,"parent":0,"menu_order":0,"comment_status":"closed","ping_status":"open","template":"","meta":[],"_links":{"self":[{"href":"https:\/\/www.grasextract.com\/de\/wp-json\/wp\/v2\/pages\/110"}],"collection":[{"href":"https:\/\/www.grasextract.com\/de\/wp-json\/wp\/v2\/pages"}],"about":[{"href":"https:\/\/www.grasextract.com\/de\/wp-json\/wp\/v2\/types\/page"}],"author":[{"embeddable":true,"href":"https:\/\/www.grasextract.com\/de\/wp-json\/wp\/v2\/users\/2"}],"replies":[{"embeddable":true,"href":"https:\/\/www.grasextract.com\/de\/wp-json\/wp\/v2\/comments?post=110"}],"version-history":[{"count":5,"href":"https:\/\/www.grasextract.com\/de\/wp-json\/wp\/v2\/pages\/110\/revisions"}],"predecessor-version":[{"id":242,"href":"https:\/\/www.grasextract.com\/de\/wp-json\/wp\/v2\/pages\/110\/revisions\/242"}],"wp:attachment":[{"href":"https:\/\/www.grasextract.com\/de\/wp-json\/wp\/v2\/media?parent=110"}],"curies":[{"name":"wp","href":"https:\/\/api.w.org\/{rel}","templated":true}]}}