{"id":158,"date":"2016-05-20T18:52:07","date_gmt":"2016-05-20T18:52:07","guid":{"rendered":"https:\/\/www.grasextract.com\/de\/?page_id=158"},"modified":"2016-11-10T21:20:57","modified_gmt":"2016-11-10T21:20:57","slug":"disclaimer","status":"publish","type":"page","link":"https:\/\/www.grasextract.com\/de\/disclaimer\/","title":{"rendered":"Dementi"},"content":{"rendered":"<div class=\" swc_p_0\"><div class=\"swc_grid_row \" style=\"margin-bottom: 20px; overflow-y: visible;\" data-grid_data=\"{}\" ><div class=\"swc_grid_colwrapper swc_flex_100\" style=\"margin-right: 20px;\" ><div class=\"swc_grid_column\" style=\"\" data-grid_data=\"{&quot;flex&quot;:&quot;100&quot;}\"><div class=\"swc_text\" data-asset_type=\"swifty_text\" style=\"width: 100%; margin-top: 0px; margin-bottom: 0px; width: 100% !important; clear: both; \"  id=\"c1478443615760_27905\" ><div class=\"swc_asset_cntnt\" style=\"margin-left: auto; margin-right: auto; width: 100%; padding: 0px 0px 0px 0px; \" >\n<h3><strong>Dementi<\/strong><\/h3><p>&nbsp;<\/p><div class=\"swc_asset swc_asset_swifty_image swc_asset_on\" data-asset_type=\"swifty_image\" style=\"width: 30%; margin-top: 0px; margin-bottom: 0px; margin-left: 0px; margin-right: 0px; float: right; \"  id=\"c1478444007384_12391\" ><div class=\"swc_asset_cntnt\" style=\"padding: 0px 0px 0px 0px; \" ><img swifty_src=\"https:\/\/www.grasextract.com\/wp-content\/uploads\/2016\/05\/theeglas.jpg?swifty=1\" alt=\"teeglass\" class=\"\"><script>if( typeof swifty_add_exec === 'function' ) { swifty_add_exec( { 'fn': 'swifty_checkImages' } ); }<\/script><\/div><\/div><p>Die Zeit der Aufnahme von Grasextrakt ist in der Regel vor dem Zubettgehen.\u00a0<\/p><p>Nach der Einnahme nicht die ersten 6 bis 8 Stunden Autofahren. Sie k\u00f6nnen vom Schlaf \u00fcberw\u00e4ltigt werden.<\/p><p>Daher w\u00e4hlen Sie die richtige Zeit der Einnahme (f\u00fcr das Wochenende viele ist).<\/p><p>&nbsp;<\/p><p>Einnahme in Kombination mit Medikamenten, denken Sie dar\u00fcber . Man k\u00f6nnte die Menge \u00fcber mehrere Tage aufteilen. Der Benutzer ist dabei selbst verantwortlich.<\/p><p>&nbsp;<\/p><p>Grasextrakt ist ein nat\u00fcrliches Produkt, ohne Zus\u00e4tze f\u00fcr l\u00e4ngere Seit Haltbar. F\u00fcr gro\u00dfe Mengen, mehr als 100 ccm pl\u00f6tzlich kann man milde Form der Austrocknung erhalten. Es wurde dann sehr &#8222;reizbar&#8220;. Normalerweise gebe ich ein Eisw\u00fcrfel pro Person, dieser Menge liegt weit unter dem 100 ccm.<\/p><p>Man sollte das Maximum von einen Eisw\u00fcrfel pro 14 Tage nicht \u00fcberschreiten.<\/p><p>&nbsp;<\/p><p>\u00dcber Nebenwirkungen und Allergien ist kaum etwas bekannt.<\/p><p>Ins Wasser von die Pumpe, sowie Fr\u00fcher, hatten sie eine Chance auf Spuren von Grasextrakt.<\/p><p>&nbsp;<\/p><p>Nach Einnahme kann es im Kopf oder anderen Teile des K\u00f6rpers ein besonderes Gef\u00fchl geben. Grasextrakt reinigt extrem stark, auch in andere Orten im ganzen K\u00f6rper. Denken Sie daran, oder schreiben Sie auf, wo diese &#8222;Kribbeln&#8220; aufgetreten. Die Kopfschmerzen\/Migr\u00e4ne kann als Ergebnis eines anderen Organ im K\u00f6rper sein. Das Kribbeln ist in der Regel nicht als st\u00f6rend angesehen. Der Tag nach Einnahme erf\u00e4hrt man als Angenehm (Fr\u00f6hlich und Nachdenklich). Einnahme innerhalb 14 Tage gibt kaum das angenehmes Gef\u00fchl. Nach etwa einem Monat bis einem halben Jahr brauchen wir wieder einen Eisw\u00fcrfel Grasextrakt. Mehr ist in der Regel nicht notwendig.<\/p><p>&nbsp;<\/p><p>Ich habe keinen medizinischen Hintergrund, die das niederl\u00e4ndische Recht, ich bin kein &#8222;Profi&#8220;.<\/p><p>Ich versuche jeder so viel wie m\u00f6glich zu helfen. Der gr\u00f6\u00dfte Teil der gewonnenen Erkenntnisse ist durch Erfahrung. Die Kenntnis der Botanik ist vorhanden. Verantwortlichkeit bleibt bei Ihnen. Glorifizieren ist nicht m\u00f6glich.<\/p><p>&nbsp;<\/p><p>Die konventionelle Pharmazie hat in der Regel kein Interesse an der Grasextrakt. Einige davon sind nicht negativ gegen\u00fcber Grasextrakt. Diese Gruppe macht oft die Vorbereitung beim Kopfschmerzen oder Migr\u00e4ne suchen, dass ist f\u00fcr mich sehr wichtig. Bleiben Sie immer nett zu die \u00c4rzte denn Kopfschmerzen ist und bleibt eine schwierige Angelegenheit.<\/p><p>Wenn Sie nach der gro\u00dfen Zufriedenheit Grasextrakt negative Aussagen gegen\u00fcber der konventionellen Medici tun, dann nehme ich nicht die Verantwortlichkeit.<\/p><p>&nbsp;<\/p><p>Grasextrakt wird in Form von Eisw\u00fcrfeln geliefert. Ich halte es in den Gefrier. Um sicherzustellen, dass niemand nimmt die falschen Bakterien, empfehle ich die Eisw\u00fcrfel in einer Tasse hei\u00dfer Tee zu tun.<\/p><\/div><\/div><\/div><div class=\"swc_grid_colclose\"><\/div><\/div><\/div><\/div>","protected":false},"excerpt":{"rendered":"","protected":false},"author":1,"featured_media":0,"parent":0,"menu_order":13,"comment_status":"closed","ping_status":"open","template":"","meta":[],"_links":{"self":[{"href":"https:\/\/www.grasextract.com\/de\/wp-json\/wp\/v2\/pages\/158"}],"collection":[{"href":"https:\/\/www.grasextract.com\/de\/wp-json\/wp\/v2\/pages"}],"about":[{"href":"https:\/\/www.grasextract.com\/de\/wp-json\/wp\/v2\/types\/page"}],"author":[{"embeddable":true,"href":"https:\/\/www.grasextract.com\/de\/wp-json\/wp\/v2\/users\/1"}],"replies":[{"embeddable":true,"href":"https:\/\/www.grasextract.com\/de\/wp-json\/wp\/v2\/comments?post=158"}],"version-history":[{"count":11,"href":"https:\/\/www.grasextract.com\/de\/wp-json\/wp\/v2\/pages\/158\/revisions"}],"predecessor-version":[{"id":195,"href":"https:\/\/www.grasextract.com\/de\/wp-json\/wp\/v2\/pages\/158\/revisions\/195"}],"wp:attachment":[{"href":"https:\/\/www.grasextract.com\/de\/wp-json\/wp\/v2\/media?parent=158"}],"curies":[{"name":"wp","href":"https:\/\/api.w.org\/{rel}","templated":true}]}}