{"id":182,"date":"2016-11-10T20:04:15","date_gmt":"2016-11-10T20:04:15","guid":{"rendered":"https:\/\/www.grasextract.com\/de\/?page_id=182"},"modified":"2016-11-10T21:19:07","modified_gmt":"2016-11-10T21:19:07","slug":"stem-kwijt-wat-nu","status":"publish","type":"page","link":"https:\/\/www.grasextract.com\/de\/stem-kwijt-wat-nu\/","title":{"rendered":"Stimme verloren, was nun"},"content":{"rendered":"<div class=\" swc_p_0\">\n<h3>Stimme verloren, was nun<\/h3><p>&nbsp;<\/p><p><strong>Jacqueline Blessing<\/strong> ist eine ehemaliger Operns\u00e4ngerin. Momentan ist sie Vokal Coach\/Gesangslehrer f\u00fcr eine vielseitige Gruppe von S\u00e4ngern, von Klassik bis Pop (auch Punk-Rock ist ihr nicht \u00a0unbekannt &#8230;&#8230;).<\/p><p>&nbsp;<\/p><p>Jacqueline hilft regelm\u00e4\u00dfig S\u00e4ngern und Sprechern, die nicht vollst\u00e4ndig die Stimme verwenden k\u00f6nnen, die ernsthaft wegen einer Erk\u00e4ltung oder andere Stimme Blockierung. Meistens wurde sie einige Tage vor einer Veranstaltung, in der Regel sehr kurzfristig, angen\u00e4hert. \u201eSchicksal\u2026\u2026 wir l\u00f6sen es, keine Angst\u201c.\u00a0 Die Antwort von Jacqueline: &#8222;Das Drehbuch ist schon fertig.&#8220;<\/p><p>&nbsp;<\/p><p>Erstens sollte die Situation diskutiert werden. Was sind die M\u00f6glichkeiten die vorhanden sind, was kann durch Tricks und H\u00e4ppchen eingestellt werden. Erstens sollte die Situation betrachtet werden, dann zusammen \u00fcben, versuchen ob da \u00a0\u00fcbrige M\u00f6glichkeiten sind.<\/p><p>In diesen Situationen ist meistens das Kontakt mit <strong>La Blessing<\/strong>\u00a0(ein Spitzname sie bereits seit Jahren h\u00e4tte) \u00fcber das Internet. Schnell und zu verschiedenen Zeiten, immer Verbindung, auch \u00fcber l\u00e4ngere Strecken.<\/p><p>Wenige Musikstudenten bekommen nur Unterricht \u00fcber das Internet.<\/p><p>&nbsp;<\/p><p>Jacqueline f\u00e4ngt mit Grasextrakt, so schnell wie m\u00f6glich an. Man nimmt es sowie die Beschreibung angibt. N\u00e4chsten Tag ist man \u201efrisch und fruchtig\u201c, ohne die l\u00e4stigen Menge an Schleim im Hals. Zun\u00e4chst ein wenig mit heiserer Stimme (Grasextrakt entfernt viel Feuchtigkeit vom K\u00f6rper). Die Reinigungswirkung des Extrakts hatte seine Wirkung gemacht. Entweder die individuelle Lektion von <strong>La Blessing<\/strong>\u00a0kann in Bewegung gesetzt werden. Bei ihrer Anweisung, in Konzert, wird das Skript auf mindestens eine einigerma\u00dfen gute Leistung abgeschlossen. Im Durchschnitt hat man halbj\u00e4hrlichen Grasextrakt f\u00fcr optimale Ergebnisse erforderlich.<\/p><p>&nbsp;<\/p><div class=\"swc_asset swc_asset_swifty_image swc_asset_on\" data-asset_type=\"swifty_image\" style=\"width: 40%; margin-top: 5px; margin-bottom: 5px; margin-left: 0px; margin-right: 10px; float: left; \"  id=\"c1478808285_183334287\" ><div class=\"swc_asset_cntnt\" style=\"padding: 0px 0px 0px 0px; \" ><img swifty_src=\"https:\/\/www.grasextract.com\/wp-content\/uploads\/2016\/05\/jacquelineblessing.jpg?swifty=1\" alt=\"jacquelineblessing\" class=\"\"><script>if( typeof swifty_add_exec === 'function' ) { swifty_add_exec( { 'fn': 'swifty_checkImages' } ); }<\/script><\/div><\/div><p>Sie k\u00f6nnen Jacqueline erreichen per<br \/>E-mail:<a href=\"mailto:jfbqueen@gmail.com?subject=Contact%20via%20grasextract.com\"> <\/a><a href=\"mailto:jfbqueen@gmail.com\">jfbqueen@gmail.com<\/a><br \/>Telefon: 003155-5223424<\/p><\/div>","protected":false},"excerpt":{"rendered":"<p>Stimme verloren, was nun&nbsp;Jacqueline Blessing ist eine ehemaliger Operns\u00e4ngerin. Momentan ist sie Vokal Coach\/Gesangslehrer f\u00fcr eine vielseitige Gruppe von S\u00e4ngern, von Klassik bis Pop (auch Punk-Rock ist ihr nicht \u00a0unbekannt &#8230;&#8230;).&nbsp;Jacqueline hilft regelm\u00e4\u00dfig S\u00e4ngern und Sprechern, die nicht vollst\u00e4ndig die Stimme verwenden k\u00f6nnen, die ernsthaft wegen einer Erk\u00e4ltung oder andere Stimme Blockierung. Meistens wurde sie [&hellip;]<\/p>\n","protected":false},"author":1,"featured_media":0,"parent":0,"menu_order":3,"comment_status":"closed","ping_status":"open","template":"","meta":[],"_links":{"self":[{"href":"https:\/\/www.grasextract.com\/de\/wp-json\/wp\/v2\/pages\/182"}],"collection":[{"href":"https:\/\/www.grasextract.com\/de\/wp-json\/wp\/v2\/pages"}],"about":[{"href":"https:\/\/www.grasextract.com\/de\/wp-json\/wp\/v2\/types\/page"}],"author":[{"embeddable":true,"href":"https:\/\/www.grasextract.com\/de\/wp-json\/wp\/v2\/users\/1"}],"replies":[{"embeddable":true,"href":"https:\/\/www.grasextract.com\/de\/wp-json\/wp\/v2\/comments?post=182"}],"version-history":[{"count":6,"href":"https:\/\/www.grasextract.com\/de\/wp-json\/wp\/v2\/pages\/182\/revisions"}],"predecessor-version":[{"id":194,"href":"https:\/\/www.grasextract.com\/de\/wp-json\/wp\/v2\/pages\/182\/revisions\/194"}],"wp:attachment":[{"href":"https:\/\/www.grasextract.com\/de\/wp-json\/wp\/v2\/media?parent=182"}],"curies":[{"name":"wp","href":"https:\/\/api.w.org\/{rel}","templated":true}]}}