{"id":199,"date":"2016-11-10T21:28:55","date_gmt":"2016-11-10T21:28:55","guid":{"rendered":"https:\/\/www.grasextract.com\/de\/?page_id=199"},"modified":"2016-11-11T00:00:23","modified_gmt":"2016-11-11T00:00:23","slug":"geschichte","status":"publish","type":"page","link":"https:\/\/www.grasextract.com\/de\/geschichte\/","title":{"rendered":"Geschichte"},"content":{"rendered":"<div class=\" swc_p_0\">\n<h3>Geschichte<\/h3><div class=\"swc_asset swc_asset_swifty_image swc_asset_on\" data-asset_type=\"swifty_image\" style=\"width: 22%; margin-top: 0px; margin-bottom: 0px; margin-left: 0px; margin-right: 0px; float: right; \"  id=\"c1478813766735_85782\" ><div class=\"swc_asset_cntnt\" style=\"padding: 0px 0px 0px 0px; \" ><img swifty_src=\"https:\/\/www.grasextract.com\/wp-content\/uploads\/2016\/05\/non.jpg?swifty=1\" alt=\"non\" class=\"\"><script>if( typeof swifty_add_exec === 'function' ) { swifty_add_exec( { 'fn': 'swifty_checkImages' } ); }<\/script><\/div><\/div><p>&nbsp;<\/p><p>Am Ende der 80er Jahre fand ich ein Rezept von Gras, beim Kuriosit\u00e4t H\u00e4ndler, in einer Notizbuch, handgeschrieben.\u00a0Ich h\u00e4tte meine Gedanken \u00fcber das Rezept; &#8222;Das kann nicht so &#8230;&#8220; Aber die Menschen in der Vergangenheit waren nicht dumm. Mit Gras, Kenntnis davon habe ich, aber\u2026 . Ich fand es faszinierend. Das Rezept kann Jahrhunderte alt sein. Auf Grund der komplexen Art und Weise der Ernte, k\u00f6nnte es sein das keiner damit folgte. In Venezuela gibt auch etwas mit den Zutaten von einen bestimmten Gras. Sie verwendeten es gegen starke Merkmale des Alterns. Eine Frau im Alter von 50 h\u00e4tte ein sehr faltiges Gesicht. Nach dem Rezept verlie\u00df sie die Falten und sie hatte wieder eine enge Kopfhaut.<\/p><p>&nbsp;<\/p><p>Im Jahr 2001 begann ich Grasextrakt zu machen, nachdem mich jemand fragte, ob ich etwas gegen die <em>Krankheit von Takayasu<\/em> wusste. Seine Tochter hatte diese Krankheit.<\/p><p>Sobald das Rezept fertig war, kontaktierte ich den Vater. Leider sp\u00e4ter habe ich nichts mehr von ihm geh\u00f6rt &#8230; Ein Jahr sp\u00e4ter, nahm ich das Produkt am Abend selbst. Es funktionierte sehr gut. Ich war leichtsinnig, begann zu schlafen und f\u00fchlte mich gro\u00dfartig. Seitdem wusste ich dass ich seit Jahren starke Kopfschmerzen h\u00e4tte. F\u00fcr mich ist ein Eis Kugel von etwa 15 ccm pro Jahr ausreichend gegen die Kopfschmerzen.<\/p><p>&nbsp;<\/p><p>Nach diesem Erfolg f\u00e4ngte es langsam an mit viele Hindernisse und Missverst\u00e4ndnis. Eine Frau von 75 Jahren mit der <em>Lyme-Krankheit<\/em> hatte gro\u00dfe Vorteile aus dem Produkt, nicht eine einzige andere Frau mit den gleichen Krankheit h\u00e4tte das bekommen. Ein Heilpraktiker hatte doppelte Lungenentz\u00fcndung, wovon er nicht loswerden konnte. Einen Tag nach der Einnahme einer die Lungenentz\u00fcndung war vorbei. Einzelne Menschen mit viel Stress und wenig Schlafe, schliefen \u00a0nach dem Grasextrakt Einnahme (sehr) gut. Von all diese Menschen, etwa 75 Personen, nachdem hat keiner eine Art von Krebs bekommen bisher.<\/p><p>&nbsp;<\/p><p>Der Heilpraktiker erkl\u00e4rte, dass es eine<strong> riesige Reinigungswirkung<\/strong> hat auf den ganzen K\u00f6rper.<\/p><p>&nbsp;<\/p><p>Ein Forschungslabor meldete, dass es eine geringe Menge an Antioxidationsmittel enthalt.<\/p><p>(Sind alle Antioxidanten die gleiche????)<\/p><\/div>","protected":false},"excerpt":{"rendered":"<p>Geschichte&nbsp;Am Ende der 80er Jahre fand ich ein Rezept von Gras, beim Kuriosit\u00e4t H\u00e4ndler, in einer Notizbuch, handgeschrieben.\u00a0Ich h\u00e4tte meine Gedanken \u00fcber das Rezept; &#8222;Das kann nicht so &#8230;&#8220; Aber die Menschen in der Vergangenheit waren nicht dumm. Mit Gras, Kenntnis davon habe ich, aber\u2026 . Ich fand es faszinierend. Das Rezept kann Jahrhunderte alt [&hellip;]<\/p>\n","protected":false},"author":1,"featured_media":0,"parent":0,"menu_order":2,"comment_status":"closed","ping_status":"open","template":"","meta":[],"_links":{"self":[{"href":"https:\/\/www.grasextract.com\/de\/wp-json\/wp\/v2\/pages\/199"}],"collection":[{"href":"https:\/\/www.grasextract.com\/de\/wp-json\/wp\/v2\/pages"}],"about":[{"href":"https:\/\/www.grasextract.com\/de\/wp-json\/wp\/v2\/types\/page"}],"author":[{"embeddable":true,"href":"https:\/\/www.grasextract.com\/de\/wp-json\/wp\/v2\/users\/1"}],"replies":[{"embeddable":true,"href":"https:\/\/www.grasextract.com\/de\/wp-json\/wp\/v2\/comments?post=199"}],"version-history":[{"count":8,"href":"https:\/\/www.grasextract.com\/de\/wp-json\/wp\/v2\/pages\/199\/revisions"}],"predecessor-version":[{"id":207,"href":"https:\/\/www.grasextract.com\/de\/wp-json\/wp\/v2\/pages\/199\/revisions\/207"}],"wp:attachment":[{"href":"https:\/\/www.grasextract.com\/de\/wp-json\/wp\/v2\/media?parent=199"}],"curies":[{"name":"wp","href":"https:\/\/api.w.org\/{rel}","templated":true}]}}