{"id":226,"date":"2016-11-11T01:48:31","date_gmt":"2016-11-11T01:48:31","guid":{"rendered":"https:\/\/www.grasextract.com\/de\/?page_id=226"},"modified":"2016-11-11T01:57:09","modified_gmt":"2016-11-11T01:57:09","slug":"was-tut","status":"publish","type":"page","link":"https:\/\/www.grasextract.com\/de\/was-sind-die-moeglichkeiten\/was-tut\/","title":{"rendered":"Was tut"},"content":{"rendered":"<div class=\" swc_p_0\">\n<h3>Welche (k\u00f6nnen) Wirkung haben<\/h3><p>&nbsp;<\/p><p>Aus Erfahrung bewirken die Aufnahme von Grasextrakt insbesondere auf:<br \/>\u00a0<\/p><p><strong>&#8211; Kopfschmerzen \/ Migr\u00e4ne<\/strong><\/p><p><strong>&#8211; Schlechter Schlaf<\/strong><\/p><p><strong>&#8211; Lethargie<\/strong><\/p><p>&nbsp;<\/p><p>&nbsp;<\/p><h3>Wo sind wahrscheinlich M\u00f6glichkeiten:<\/h3><p>&nbsp;<\/p><p><b>An\u00e4mie<\/b><br \/>Grasextrakt wurde als Heilmittel f\u00fcr An\u00e4mie bekannt. Bisher ist dies noch nicht versucht worden.<br \/><br \/><b>COPD<\/b><br \/>Eine Krankheit, in der Regel durch \u00fcberm\u00e4\u00dfig Rauchen. Grasextrakt reinigt riesig, m\u00f6glicherweise auch die Atemwege.<br \/><br \/><b>Krankheit Takayasu<\/b><br \/>Um zu beginnen, ist die Krankheit Takayasu der Suche. In den Niederlanden gibt es nur sehr wenige Menschen mit dieser Krankheit. Die Reinigungswirkung von Grasextrakt kann eine vorteilhafte Wirkung auf den Kreislauf haben.<br \/><br \/><b>Arteriitis Temporalis<\/b><br \/>Wie bei der &#8222;Krankheit der Takayasu&#8220; Grasextrakt hat das Potenzial, positive Effekte bei Menschen mit Arteriitis.<br \/><br \/><b>Multiple Sklerose (MS)<\/b><br \/>Ich m\u00f6chte mal versuchen mit jemand, weil Grasextrakt stark reinigt.<br \/>\u00a0<\/p><p><strong>Als Ersatz f\u00fcr Antibiotika<\/strong><\/p><p>Ein naturopath hatte doppelte Lungenentz\u00fcndung (verschiedene Mittel l\u00e4ngere Zeit versucht), die er nicht loswerden konnte. Nach der Einnahme von Grasextrakt war die Lungenentz\u00fcndung vollst\u00e4ndig am n\u00e4chsten Tag verschwunden.<\/p><p>&nbsp;<\/p><p><strong>Unangenehmer K\u00f6rpergeruch<\/strong><\/p><p>Eine Frau versucht den Geruch loszuwerden. Viele Mittel versucht, nach Grasextrakt ihre Geruch war<\/p><p>Weg.<\/p><p>&nbsp;<\/p><\/div>","protected":false},"excerpt":{"rendered":"<p>Welche (k\u00f6nnen) Wirkung haben&nbsp;Aus Erfahrung bewirken die Aufnahme von Grasextrakt insbesondere auf:\u00a0&#8211; Kopfschmerzen \/ Migr\u00e4ne&#8211; Schlechter Schlaf&#8211; Lethargie&nbsp;&nbsp;Wo sind wahrscheinlich M\u00f6glichkeiten:&nbsp;An\u00e4mieGrasextrakt wurde als Heilmittel f\u00fcr An\u00e4mie bekannt. Bisher ist dies noch nicht versucht worden.COPDEine Krankheit, in der Regel durch \u00fcberm\u00e4\u00dfig Rauchen. Grasextrakt reinigt riesig, m\u00f6glicherweise auch die Atemwege.Krankheit TakayasuUm zu beginnen, ist die Krankheit Takayasu [&hellip;]<\/p>\n","protected":false},"author":1,"featured_media":0,"parent":214,"menu_order":3,"comment_status":"closed","ping_status":"open","template":"","meta":[],"_links":{"self":[{"href":"https:\/\/www.grasextract.com\/de\/wp-json\/wp\/v2\/pages\/226"}],"collection":[{"href":"https:\/\/www.grasextract.com\/de\/wp-json\/wp\/v2\/pages"}],"about":[{"href":"https:\/\/www.grasextract.com\/de\/wp-json\/wp\/v2\/types\/page"}],"author":[{"embeddable":true,"href":"https:\/\/www.grasextract.com\/de\/wp-json\/wp\/v2\/users\/1"}],"replies":[{"embeddable":true,"href":"https:\/\/www.grasextract.com\/de\/wp-json\/wp\/v2\/comments?post=226"}],"version-history":[{"count":3,"href":"https:\/\/www.grasextract.com\/de\/wp-json\/wp\/v2\/pages\/226\/revisions"}],"predecessor-version":[{"id":229,"href":"https:\/\/www.grasextract.com\/de\/wp-json\/wp\/v2\/pages\/226\/revisions\/229"}],"up":[{"embeddable":true,"href":"https:\/\/www.grasextract.com\/de\/wp-json\/wp\/v2\/pages\/214"}],"wp:attachment":[{"href":"https:\/\/www.grasextract.com\/de\/wp-json\/wp\/v2\/media?parent=226"}],"curies":[{"name":"wp","href":"https:\/\/api.w.org\/{rel}","templated":true}]}}